{"id":3153,"date":"2024-04-01T18:34:50","date_gmt":"2024-04-01T21:34:50","guid":{"rendered":"https:\/\/edge.uol\/?page_id=3153"},"modified":"2024-04-01T18:36:23","modified_gmt":"2024-04-01T21:36:23","slug":"politica-de-gestao-de-qualidade","status":"publish","type":"page","link":"https:\/\/edge.uol\/pt\/politica-de-gestao-de-qualidade\/","title":{"rendered":"Pol\u00edtica de Gest\u00e3o de Servi\u00e7os e Qualidade"},"content":{"rendered":"<h5>1. Objetivo<\/h5>\n<p>A Edge UOL tem como foco principal prover valor aos Clientes e Parceiros, com servi\u00e7os reconhecidos pela alta qualidade, seguran\u00e7a e impacto positivo na sociedade.<\/p>\n<p>Para proporcionar aos clientes uma entrega de servi\u00e7os com qualidade e de forma eficaz, a Edge UOL estabelece a Pol\u00edtica de Gest\u00e3o de Servi\u00e7os e Qualidade e reafirma seu compromisso de manter e melhorar continuamente o Sistema de Gest\u00e3o de Servi\u00e7os e Qualidade.<\/p>\n<p>Desta forma,\u202festa pol\u00edtica visa estabelecer as diretrizes do Sistema de Gest\u00e3o de Servi\u00e7os e Qualidade que s\u00e3o aplicadas na presta\u00e7\u00e3o de servi\u00e7os da Edge UOL e corroboram o comprometimento com o atendimento dos requisitos acordados com clientes, colaboradores e parceiros, direcionados pelas normas ISO\/IEC 20000-1:2018 e ISO 9001:2015, bem como, sua melhoria cont\u00ednua.<\/p>\n<h5>2. Abrang\u00eancia<\/h5>\n<p>Aplica-se \u00e0 todas partes envolvidas na presta\u00e7\u00e3o de servi\u00e7os de Transforma\u00e7\u00e3o, Desenvolvimento, Hosting, Outsourcing, Seguran\u00e7a e Cloud da Edge UOL.<\/p>\n<h5>3. Diretrizes<\/h5>\n<ol>\n<li>A Edge UOL fomenta a entrega de valor aos clientes, em atendimento aos compromissos e metas acordadas e em busca da satisfa\u00e7\u00e3o das partes envolvidas;<\/li>\n<li>A Edge UOL busca constantemente a inova\u00e7\u00e3o, a agilidade e a melhoria cont\u00ednua no desenvolvimento e presta\u00e7\u00e3o de servi\u00e7os, bem como em seus processos, com o monitoramento, aferi\u00e7\u00e3o e an\u00e1lise do desempenho do Sistema de Gest\u00e3o de Servi\u00e7os e Qualidade em todo seu ciclo;<\/li>\n<li>A Edge UOL gerencia, controla e monitora a qualidade dos processos que fazem parte do escopo da presta\u00e7\u00e3o de servi\u00e7os aos clientes;<\/li>\n<li>A Edge UOL promove a conscientiza\u00e7\u00e3o de todos os colaboradores e partes interessadas quanto a import\u00e2ncia de: (a) garantir pleno foco no cliente e na entrega de valor e de impactos dos servi\u00e7os; (b) fomentar a inova\u00e7\u00e3o, a agilidade, a seguran\u00e7a e qualidade; (c) melhorar constantemente o Sistema de Gest\u00e3o de Servi\u00e7os e Qualidade e incentivar a ado\u00e7\u00e3o das melhores pr\u00e1ticas de gest\u00e3o, seguran\u00e7a e privacidade; (d) impactar positivamente clientes, colaboradores, parceiros e sociedade;<\/li>\n<li>Esta pol\u00edtica apoia o direcionamento estrat\u00e9gico da qualidade e inova\u00e7\u00e3o nos processos e servi\u00e7os da organiza\u00e7\u00e3o.<\/li>\n<\/ol>\n","protected":false},"excerpt":{"rendered":"<p>1. Objetivo A Edge UOL tem como foco principal prover valor aos Clientes e Parceiros, com servi\u00e7os reconhecidos pela alta qualidade, seguran\u00e7a e impacto positivo na sociedade. Para proporcionar aos clientes uma entrega de servi\u00e7os com qualidade e de forma eficaz, a Edge UOL estabelece a Pol\u00edtica de Gest\u00e3o de Servi\u00e7os e Qualidade e reafirma [&hellip;]<\/p>\n","protected":false},"author":1,"featured_media":0,"parent":0,"menu_order":0,"comment_status":"closed","ping_status":"closed","template":"page-politica.php","meta":{"_acf_changed":false,"inline_featured_image":false,"footnotes":""},"class_list":["post-3153","page","type-page","status-publish","hentry"],"acf":[],"yoast_head":"<!-- This site is optimized with the Yoast SEO Premium plugin v27.0 (Yoast SEO v27.0) - https:\/\/yoast.com\/product\/yoast-seo-premium-wordpress\/ -->\n<title>Pol\u00edtica de Gest\u00e3o de Servi\u00e7os e Qualidade | Edge UOL<\/title>\n<meta name=\"description\" content=\"1. Objetivo A Edge UOL tem como foco principal prover valor aos Clientes e Parceiros, com servi\u00e7os reconhecidos pela alta qualidade, seguran\u00e7a e impacto\" \/>\n<meta name=\"robots\" content=\"noindex, nofollow\" \/>\n<meta property=\"og:locale\" content=\"pt_BR\" \/>\n<meta property=\"og:type\" content=\"article\" \/>\n<meta property=\"og:title\" content=\"Pol\u00edtica de Gest\u00e3o de Servi\u00e7os e Qualidade\" \/>\n<meta property=\"og:description\" content=\"1. Objetivo A Edge UOL tem como foco principal prover valor aos Clientes e Parceiros, com servi\u00e7os reconhecidos pela alta qualidade, seguran\u00e7a e impacto\" \/>\n<meta property=\"og:url\" content=\"https:\/\/edge.uol\/pt\/politica-de-gestao-de-qualidade\/\" \/>\n<meta property=\"og:site_name\" content=\"Edge UOL\" \/>\n<meta property=\"article:publisher\" content=\"https:\/\/www.facebook.com\/edge.uol\/\" \/>\n<meta property=\"article:modified_time\" content=\"2024-04-01T21:36:23+00:00\" \/>\n<meta property=\"og:image\" content=\"https:\/\/edge.uol\/app-holder\/uploads\/2024\/03\/edgeuol-seo.jpg\" \/>\n\t<meta property=\"og:image:width\" content=\"1200\" \/>\n\t<meta property=\"og:image:height\" content=\"675\" \/>\n\t<meta property=\"og:image:type\" content=\"image\/jpeg\" \/>\n<meta name=\"twitter:card\" content=\"summary_large_image\" \/>\n<meta name=\"twitter:site\" content=\"@edgeuol\" \/>\n<meta name=\"twitter:label1\" content=\"Est. tempo de leitura\" \/>\n\t<meta name=\"twitter:data1\" content=\"2 minutos\" \/>\n<script type=\"application\/ld+json\" class=\"yoast-schema-graph\">{\"@context\":\"https:\/\/schema.org\",\"@graph\":[{\"@type\":\"WebPage\",\"@id\":\"https:\/\/edge.uol\/pt\/politica-de-gestao-de-qualidade\/\",\"url\":\"https:\/\/edge.uol\/pt\/politica-de-gestao-de-qualidade\/\",\"name\":\"Pol\u00edtica de Gest\u00e3o de Servi\u00e7os e Qualidade | Edge UOL\",\"isPartOf\":{\"@id\":\"https:\/\/edge.uol\/pt\/#website\"},\"datePublished\":\"2024-04-01T21:34:50+00:00\",\"dateModified\":\"2024-04-01T21:36:23+00:00\",\"description\":\"1. Objetivo A Edge UOL tem como foco principal prover valor aos Clientes e Parceiros, com servi\u00e7os reconhecidos pela alta qualidade, seguran\u00e7a e impacto\",\"breadcrumb\":{\"@id\":\"https:\/\/edge.uol\/pt\/politica-de-gestao-de-qualidade\/#breadcrumb\"},\"inLanguage\":\"pt-BR\",\"potentialAction\":[{\"@type\":\"ReadAction\",\"target\":[\"https:\/\/edge.uol\/pt\/politica-de-gestao-de-qualidade\/\"]}]},{\"@type\":\"BreadcrumbList\",\"@id\":\"https:\/\/edge.uol\/pt\/politica-de-gestao-de-qualidade\/#breadcrumb\",\"itemListElement\":[{\"@type\":\"ListItem\",\"position\":1,\"name\":\"In\u00edcio\",\"item\":\"https:\/\/edge.uol\/pt\/\"},{\"@type\":\"ListItem\",\"position\":2,\"name\":\"Pol\u00edtica de Gest\u00e3o de Servi\u00e7os e Qualidade\"}]},{\"@type\":\"WebSite\",\"@id\":\"https:\/\/edge.uol\/pt\/#website\",\"url\":\"https:\/\/edge.uol\/pt\/\",\"name\":\"Edge UOL\",\"description\":\"A Edge UOL transforma a \u00e1rea de TI da sua empresa, antecipando o futuro.\",\"potentialAction\":[{\"@type\":\"SearchAction\",\"target\":{\"@type\":\"EntryPoint\",\"urlTemplate\":\"https:\/\/edge.uol\/pt\/?s={search_term_string}\"},\"query-input\":{\"@type\":\"PropertyValueSpecification\",\"valueRequired\":true,\"valueName\":\"search_term_string\"}}],\"inLanguage\":\"pt-BR\"}]}<\/script>\n<!-- \/ Yoast SEO Premium plugin. -->","yoast_head_json":{"title":"Pol\u00edtica de Gest\u00e3o de Servi\u00e7os e Qualidade | Edge UOL","description":"1. Objetivo A Edge UOL tem como foco principal prover valor aos Clientes e Parceiros, com servi\u00e7os reconhecidos pela alta qualidade, seguran\u00e7a e impacto","robots":{"index":"noindex","follow":"nofollow"},"og_locale":"pt_BR","og_type":"article","og_title":"Pol\u00edtica de Gest\u00e3o de Servi\u00e7os e Qualidade","og_description":"1. Objetivo A Edge UOL tem como foco principal prover valor aos Clientes e Parceiros, com servi\u00e7os reconhecidos pela alta qualidade, seguran\u00e7a e impacto","og_url":"https:\/\/edge.uol\/pt\/politica-de-gestao-de-qualidade\/","og_site_name":"Edge UOL","article_publisher":"https:\/\/www.facebook.com\/edge.uol\/","article_modified_time":"2024-04-01T21:36:23+00:00","og_image":[{"width":1200,"height":675,"url":"https:\/\/edge.uol\/app-holder\/uploads\/2024\/03\/edgeuol-seo.jpg","type":"image\/jpeg"}],"twitter_card":"summary_large_image","twitter_site":"@edgeuol","twitter_misc":{"Est. tempo de leitura":"2 minutos"},"schema":{"@context":"https:\/\/schema.org","@graph":[{"@type":"WebPage","@id":"https:\/\/edge.uol\/pt\/politica-de-gestao-de-qualidade\/","url":"https:\/\/edge.uol\/pt\/politica-de-gestao-de-qualidade\/","name":"Pol\u00edtica de Gest\u00e3o de Servi\u00e7os e Qualidade | Edge UOL","isPartOf":{"@id":"https:\/\/edge.uol\/pt\/#website"},"datePublished":"2024-04-01T21:34:50+00:00","dateModified":"2024-04-01T21:36:23+00:00","description":"1. Objetivo A Edge UOL tem como foco principal prover valor aos Clientes e Parceiros, com servi\u00e7os reconhecidos pela alta qualidade, seguran\u00e7a e impacto","breadcrumb":{"@id":"https:\/\/edge.uol\/pt\/politica-de-gestao-de-qualidade\/#breadcrumb"},"inLanguage":"pt-BR","potentialAction":[{"@type":"ReadAction","target":["https:\/\/edge.uol\/pt\/politica-de-gestao-de-qualidade\/"]}]},{"@type":"BreadcrumbList","@id":"https:\/\/edge.uol\/pt\/politica-de-gestao-de-qualidade\/#breadcrumb","itemListElement":[{"@type":"ListItem","position":1,"name":"In\u00edcio","item":"https:\/\/edge.uol\/pt\/"},{"@type":"ListItem","position":2,"name":"Pol\u00edtica de Gest\u00e3o de Servi\u00e7os e Qualidade"}]},{"@type":"WebSite","@id":"https:\/\/edge.uol\/pt\/#website","url":"https:\/\/edge.uol\/pt\/","name":"Edge UOL","description":"A Edge UOL transforma a \u00e1rea de TI da sua empresa, antecipando o futuro.","potentialAction":[{"@type":"SearchAction","target":{"@type":"EntryPoint","urlTemplate":"https:\/\/edge.uol\/pt\/?s={search_term_string}"},"query-input":{"@type":"PropertyValueSpecification","valueRequired":true,"valueName":"search_term_string"}}],"inLanguage":"pt-BR"}]}},"_links":{"self":[{"href":"https:\/\/edge.uol\/pt\/wp-json\/wp\/v2\/pages\/3153","targetHints":{"allow":["GET"]}}],"collection":[{"href":"https:\/\/edge.uol\/pt\/wp-json\/wp\/v2\/pages"}],"about":[{"href":"https:\/\/edge.uol\/pt\/wp-json\/wp\/v2\/types\/page"}],"author":[{"embeddable":true,"href":"https:\/\/edge.uol\/pt\/wp-json\/wp\/v2\/users\/1"}],"replies":[{"embeddable":true,"href":"https:\/\/edge.uol\/pt\/wp-json\/wp\/v2\/comments?post=3153"}],"version-history":[{"count":4,"href":"https:\/\/edge.uol\/pt\/wp-json\/wp\/v2\/pages\/3153\/revisions"}],"predecessor-version":[{"id":3157,"href":"https:\/\/edge.uol\/pt\/wp-json\/wp\/v2\/pages\/3153\/revisions\/3157"}],"wp:attachment":[{"href":"https:\/\/edge.uol\/pt\/wp-json\/wp\/v2\/media?parent=3153"}],"curies":[{"name":"wp","href":"https:\/\/api.w.org\/{rel}","templated":true}]}}