{"id":3149,"date":"2024-04-01T18:25:46","date_gmt":"2024-04-01T21:25:46","guid":{"rendered":"https:\/\/edge.uol\/?page_id=3149"},"modified":"2025-04-14T17:02:53","modified_gmt":"2025-04-14T20:02:53","slug":"seguranca-da-informacao","status":"publish","type":"page","link":"https:\/\/edge.uol\/pt\/seguranca-da-informacao\/","title":{"rendered":"Relatar Incidente de Seguran\u00e7a da Informa\u00e7\u00e3o"},"content":{"rendered":"<h3>Canal de notifica\u00e7\u00e3o de\u202fincidentes de seguran\u00e7a da informa\u00e7\u00e3o.\u202fA comunica\u00e7\u00e3o pode ser realizada de forma an\u00f4nima ou identificada garantindo a confidencialidade da identidade do remetente, al\u00e9m da independ\u00eancia e imparcialidade no seu tratamento.<\/h3>\n<h5>Para que a ocorr\u00eancia tenha um atendimento r\u00e1pido e efetivo, sempre que poss\u00edvel, deve vir acompanhada do maior n\u00famero de informa\u00e7\u00f5es, tais\u202fcomo:<\/h5>\n<ul>\n<li>Descri\u00e7\u00e3o do incidente;<\/li>\n<li>Onde e como aconteceu;<\/li>\n<li>Como foi detectado;<\/li>\n<li>Pessoas ou organiza\u00e7\u00f5es envolvidas e\/ou afetadas;<\/li>\n<li>Evid\u00eancias, documentos e\/ou outras informa\u00e7\u00f5es que podem ser relevantes para a avalia\u00e7\u00e3o do caso e encaminhamento das a\u00e7\u00f5es.<\/li>\n<\/ul>\n<h5>Classifica\u00e7\u00e3o dos incidentes (motivo):<\/h5>\n<ul>\n<li>Tentativas de acesso n\u00e3o autorizado (brute force);<\/li>\n<li>Verifica\u00e7\u00e3o n\u00e3o autorizada de redes ou computadores\u202f(Scan);<\/li>\n<li>Ataques de nega\u00e7\u00e3o de servi\u00e7o (DoS);<\/li>\n<li>Desfigura\u00e7\u00e3o de sites\u202f(Defacement);<\/li>\n<li>Vazamento\u202fde informa\u00e7\u00f5es privadas;<\/li>\n<li>Divulga\u00e7\u00e3o de senhas ou outras credenciais de autentica\u00e7\u00e3o;<\/li>\n<li>Infec\u00e7\u00f5es por v\u00edrus ou malware;<\/li>\n<li>Quaisquer outros eventos ou consultas suspeitas.<\/li>\n<\/ul>\n<p>Relatos de Incidentes dever\u00e3o ser enviadas para <strong>l-seguranca@edge.uol<\/strong><\/p>\n","protected":false},"excerpt":{"rendered":"<p>Canal de notifica\u00e7\u00e3o de\u202fincidentes de seguran\u00e7a da informa\u00e7\u00e3o.\u202fA comunica\u00e7\u00e3o pode ser realizada de forma an\u00f4nima ou identificada garantindo a confidencialidade da identidade do remetente, al\u00e9m da independ\u00eancia e imparcialidade no seu tratamento. Para que a ocorr\u00eancia tenha um atendimento r\u00e1pido e efetivo, sempre que poss\u00edvel, deve vir acompanhada do maior n\u00famero de informa\u00e7\u00f5es, tais\u202fcomo: Descri\u00e7\u00e3o [&hellip;]<\/p>\n","protected":false},"author":1,"featured_media":0,"parent":0,"menu_order":0,"comment_status":"closed","ping_status":"closed","template":"page-politica.php","meta":{"_acf_changed":false,"inline_featured_image":false,"footnotes":""},"class_list":["post-3149","page","type-page","status-publish","hentry"],"acf":[],"yoast_head":"<!-- This site is optimized with the Yoast SEO Premium plugin v27.0 (Yoast SEO v27.0) - https:\/\/yoast.com\/product\/yoast-seo-premium-wordpress\/ -->\n<title>Relatar Incidente de Seguran\u00e7a da Informa\u00e7\u00e3o | Edge UOL<\/title>\n<meta name=\"description\" content=\"Canal de notifica\u00e7\u00e3o de\u202fincidentes de seguran\u00e7a da informa\u00e7\u00e3o.\u202fA comunica\u00e7\u00e3o pode ser realizada de forma an\u00f4nima ou identificada garantindo a\" \/>\n<meta name=\"robots\" content=\"index, follow, max-image-preview:large, max-video-preview:-1, nosnippet\" \/>\n<link rel=\"canonical\" href=\"https:\/\/edge.uol\/pt\/seguranca-da-informacao\/\" \/>\n<meta property=\"og:locale\" content=\"pt_BR\" \/>\n<meta property=\"og:type\" content=\"article\" \/>\n<meta property=\"og:title\" content=\"Relatar Incidente de Seguran\u00e7a da Informa\u00e7\u00e3o\" \/>\n<meta property=\"og:description\" content=\"Canal de notifica\u00e7\u00e3o de\u202fincidentes de seguran\u00e7a da informa\u00e7\u00e3o.\u202fA comunica\u00e7\u00e3o pode ser realizada de forma an\u00f4nima ou identificada garantindo a\" \/>\n<meta property=\"og:url\" content=\"https:\/\/edge.uol\/pt\/seguranca-da-informacao\/\" \/>\n<meta property=\"og:site_name\" content=\"Edge UOL\" \/>\n<meta property=\"article:publisher\" content=\"https:\/\/www.facebook.com\/edge.uol\/\" \/>\n<meta property=\"article:modified_time\" content=\"2025-04-14T20:02:53+00:00\" \/>\n<meta property=\"og:image\" content=\"https:\/\/edge.uol\/app-holder\/uploads\/2024\/03\/edgeuol-seo.jpg\" \/>\n\t<meta property=\"og:image:width\" content=\"1200\" \/>\n\t<meta property=\"og:image:height\" content=\"675\" \/>\n\t<meta property=\"og:image:type\" content=\"image\/jpeg\" \/>\n<meta name=\"twitter:card\" content=\"summary_large_image\" \/>\n<meta name=\"twitter:site\" content=\"@edgeuol\" \/>\n<meta name=\"twitter:label1\" content=\"Est. tempo de leitura\" \/>\n\t<meta name=\"twitter:data1\" content=\"1 minuto\" \/>\n<script type=\"application\/ld+json\" class=\"yoast-schema-graph\">{\"@context\":\"https:\/\/schema.org\",\"@graph\":[{\"@type\":\"WebPage\",\"@id\":\"https:\/\/edge.uol\/pt\/seguranca-da-informacao\/\",\"url\":\"https:\/\/edge.uol\/pt\/seguranca-da-informacao\/\",\"name\":\"Relatar Incidente de Seguran\u00e7a da Informa\u00e7\u00e3o | Edge UOL\",\"isPartOf\":{\"@id\":\"https:\/\/edge.uol\/pt\/#website\"},\"datePublished\":\"2024-04-01T21:25:46+00:00\",\"dateModified\":\"2025-04-14T20:02:53+00:00\",\"description\":\"Canal de notifica\u00e7\u00e3o de\u202fincidentes de seguran\u00e7a da informa\u00e7\u00e3o.\u202fA comunica\u00e7\u00e3o pode ser realizada de forma an\u00f4nima ou identificada garantindo a\",\"breadcrumb\":{\"@id\":\"https:\/\/edge.uol\/pt\/seguranca-da-informacao\/#breadcrumb\"},\"inLanguage\":\"pt-BR\",\"potentialAction\":[{\"@type\":\"ReadAction\",\"target\":[\"https:\/\/edge.uol\/pt\/seguranca-da-informacao\/\"]}]},{\"@type\":\"BreadcrumbList\",\"@id\":\"https:\/\/edge.uol\/pt\/seguranca-da-informacao\/#breadcrumb\",\"itemListElement\":[{\"@type\":\"ListItem\",\"position\":1,\"name\":\"In\u00edcio\",\"item\":\"https:\/\/edge.uol\/pt\/\"},{\"@type\":\"ListItem\",\"position\":2,\"name\":\"Relatar Incidente de Seguran\u00e7a da Informa\u00e7\u00e3o\"}]},{\"@type\":\"WebSite\",\"@id\":\"https:\/\/edge.uol\/pt\/#website\",\"url\":\"https:\/\/edge.uol\/pt\/\",\"name\":\"Edge UOL\",\"description\":\"A Edge UOL transforma a \u00e1rea de TI da sua empresa, antecipando o futuro.\",\"potentialAction\":[{\"@type\":\"SearchAction\",\"target\":{\"@type\":\"EntryPoint\",\"urlTemplate\":\"https:\/\/edge.uol\/pt\/?s={search_term_string}\"},\"query-input\":{\"@type\":\"PropertyValueSpecification\",\"valueRequired\":true,\"valueName\":\"search_term_string\"}}],\"inLanguage\":\"pt-BR\"}]}<\/script>\n<!-- \/ Yoast SEO Premium plugin. -->","yoast_head_json":{"title":"Relatar Incidente de Seguran\u00e7a da Informa\u00e7\u00e3o | Edge UOL","description":"Canal de notifica\u00e7\u00e3o de\u202fincidentes de seguran\u00e7a da informa\u00e7\u00e3o.\u202fA comunica\u00e7\u00e3o pode ser realizada de forma an\u00f4nima ou identificada garantindo a","robots":{"index":"index","follow":"follow","max-image-preview":"max-image-preview:large","max-video-preview":"max-video-preview:-1","snippet":"nosnippet"},"canonical":"https:\/\/edge.uol\/pt\/seguranca-da-informacao\/","og_locale":"pt_BR","og_type":"article","og_title":"Relatar Incidente de Seguran\u00e7a da Informa\u00e7\u00e3o","og_description":"Canal de notifica\u00e7\u00e3o de\u202fincidentes de seguran\u00e7a da informa\u00e7\u00e3o.\u202fA comunica\u00e7\u00e3o pode ser realizada de forma an\u00f4nima ou identificada garantindo a","og_url":"https:\/\/edge.uol\/pt\/seguranca-da-informacao\/","og_site_name":"Edge UOL","article_publisher":"https:\/\/www.facebook.com\/edge.uol\/","article_modified_time":"2025-04-14T20:02:53+00:00","og_image":[{"width":1200,"height":675,"url":"https:\/\/edge.uol\/app-holder\/uploads\/2024\/03\/edgeuol-seo.jpg","type":"image\/jpeg"}],"twitter_card":"summary_large_image","twitter_site":"@edgeuol","twitter_misc":{"Est. tempo de leitura":"1 minuto"},"schema":{"@context":"https:\/\/schema.org","@graph":[{"@type":"WebPage","@id":"https:\/\/edge.uol\/pt\/seguranca-da-informacao\/","url":"https:\/\/edge.uol\/pt\/seguranca-da-informacao\/","name":"Relatar Incidente de Seguran\u00e7a da Informa\u00e7\u00e3o | Edge UOL","isPartOf":{"@id":"https:\/\/edge.uol\/pt\/#website"},"datePublished":"2024-04-01T21:25:46+00:00","dateModified":"2025-04-14T20:02:53+00:00","description":"Canal de notifica\u00e7\u00e3o de\u202fincidentes de seguran\u00e7a da informa\u00e7\u00e3o.\u202fA comunica\u00e7\u00e3o pode ser realizada de forma an\u00f4nima ou identificada garantindo a","breadcrumb":{"@id":"https:\/\/edge.uol\/pt\/seguranca-da-informacao\/#breadcrumb"},"inLanguage":"pt-BR","potentialAction":[{"@type":"ReadAction","target":["https:\/\/edge.uol\/pt\/seguranca-da-informacao\/"]}]},{"@type":"BreadcrumbList","@id":"https:\/\/edge.uol\/pt\/seguranca-da-informacao\/#breadcrumb","itemListElement":[{"@type":"ListItem","position":1,"name":"In\u00edcio","item":"https:\/\/edge.uol\/pt\/"},{"@type":"ListItem","position":2,"name":"Relatar Incidente de Seguran\u00e7a da Informa\u00e7\u00e3o"}]},{"@type":"WebSite","@id":"https:\/\/edge.uol\/pt\/#website","url":"https:\/\/edge.uol\/pt\/","name":"Edge UOL","description":"A Edge UOL transforma a \u00e1rea de TI da sua empresa, antecipando o futuro.","potentialAction":[{"@type":"SearchAction","target":{"@type":"EntryPoint","urlTemplate":"https:\/\/edge.uol\/pt\/?s={search_term_string}"},"query-input":{"@type":"PropertyValueSpecification","valueRequired":true,"valueName":"search_term_string"}}],"inLanguage":"pt-BR"}]}},"_links":{"self":[{"href":"https:\/\/edge.uol\/pt\/wp-json\/wp\/v2\/pages\/3149","targetHints":{"allow":["GET"]}}],"collection":[{"href":"https:\/\/edge.uol\/pt\/wp-json\/wp\/v2\/pages"}],"about":[{"href":"https:\/\/edge.uol\/pt\/wp-json\/wp\/v2\/types\/page"}],"author":[{"embeddable":true,"href":"https:\/\/edge.uol\/pt\/wp-json\/wp\/v2\/users\/1"}],"replies":[{"embeddable":true,"href":"https:\/\/edge.uol\/pt\/wp-json\/wp\/v2\/comments?post=3149"}],"version-history":[{"count":4,"href":"https:\/\/edge.uol\/pt\/wp-json\/wp\/v2\/pages\/3149\/revisions"}],"predecessor-version":[{"id":6516,"href":"https:\/\/edge.uol\/pt\/wp-json\/wp\/v2\/pages\/3149\/revisions\/6516"}],"wp:attachment":[{"href":"https:\/\/edge.uol\/pt\/wp-json\/wp\/v2\/media?parent=3149"}],"curies":[{"name":"wp","href":"https:\/\/api.w.org\/{rel}","templated":true}]}}